{"id":4452,"date":"2022-05-01T12:42:30","date_gmt":"2022-05-01T10:42:30","guid":{"rendered":"https:\/\/vanbloem.be\/?page_id=4452"},"modified":"2022-06-12T13:23:41","modified_gmt":"2022-06-12T11:23:41","slug":"accueil","status":"publish","type":"page","link":"https:\/\/www.vanbloem.be\/","title":{"rendered":"Home"},"content":{"rendered":"\n<div class=\"wp-block-cover is-light\"><span aria-hidden=\"true\" class=\"wp-block-cover__background has-background-dim-0 has-background-dim\"><\/span><img loading=\"lazy\" width=\"1920\" height=\"1280\" class=\"wp-block-cover__image-background wp-image-1077\" alt=\"\" src=\"https:\/\/vanbloem.be\/wp-content\/uploads\/2021\/09\/foliage.jpg\" style=\"object-position:90% 29%\" data-object-fit=\"cover\" data-object-position=\"90% 29%\" srcset=\"https:\/\/www.vanbloem.be\/wp-content\/uploads\/2021\/09\/foliage.jpg 1920w, https:\/\/www.vanbloem.be\/wp-content\/uploads\/2021\/09\/foliage-300x200.jpg 300w, https:\/\/www.vanbloem.be\/wp-content\/uploads\/2021\/09\/foliage-1024x683.jpg 1024w, https:\/\/www.vanbloem.be\/wp-content\/uploads\/2021\/09\/foliage-768x512.jpg 768w, https:\/\/www.vanbloem.be\/wp-content\/uploads\/2021\/09\/foliage-1536x1024.jpg 1536w\" sizes=\"(max-width: 1920px) 100vw, 1920px\" \/><div class=\"wp-block-cover__inner-container\">\n<p class=\"has-text-align-center has-large-font-size\"><\/p>\n<\/div><\/div>\n\n\n\n<div style=\"height:100px\" aria-hidden=\"true\" class=\"wp-block-spacer\"><\/div>\n\n\n\n<blockquote class=\"wp-block-quote is-style-default\"><p><em>Pour faire un jardin, il faut un morceau de terre et l\u2019\u00e9ternit\u00e9<\/em><\/p><cite>Gilles Cl\u00e9ment<\/cite><\/blockquote>\n\n\n\n<div style=\"height:85px\" aria-hidden=\"true\" class=\"wp-block-spacer\"><\/div>\n\n\n\n<p>Une envie, un d\u00e9sir, un souhait, une id\u00e9e, un conseil ou une expertise ?<br>Le crayon \u00e0 la main et la t\u00eate pleine d\u2019id\u00e9es, nous concevons et imaginons votre<br>espace, votre jardin et paysage.<\/p>\n\n\n\n<p><a href=\"https:\/\/www.vanbloem.be\/?page_id=21\" data-type=\"page\" data-id=\"21\">Contactez-nous<\/a> pour un premier rendez-vous.<\/p>\n","protected":false},"excerpt":{"rendered":"<p>Pour faire un jardin, il faut un morceau de terre et l\u2019\u00e9ternit\u00e9 Gilles Cl\u00e9ment Une envie, un d\u00e9sir, un souhait, une id\u00e9e, un conseil ou une expertise ?Le crayon \u00e0 la main et la t\u00eate pleine d\u2019id\u00e9es, nous concevons et imaginons votreespace, votre jardin et paysage. Contactez-nous pour un premier rendez-vous.<\/p>\n","protected":false},"author":2,"featured_media":0,"parent":0,"menu_order":0,"comment_status":"closed","ping_status":"closed","template":"","meta":[],"_links":{"self":[{"href":"https:\/\/www.vanbloem.be\/index.php?rest_route=\/wp\/v2\/pages\/4452"}],"collection":[{"href":"https:\/\/www.vanbloem.be\/index.php?rest_route=\/wp\/v2\/pages"}],"about":[{"href":"https:\/\/www.vanbloem.be\/index.php?rest_route=\/wp\/v2\/types\/page"}],"author":[{"embeddable":true,"href":"https:\/\/www.vanbloem.be\/index.php?rest_route=\/wp\/v2\/users\/2"}],"replies":[{"embeddable":true,"href":"https:\/\/www.vanbloem.be\/index.php?rest_route=%2Fwp%2Fv2%2Fcomments&post=4452"}],"version-history":[{"count":25,"href":"https:\/\/www.vanbloem.be\/index.php?rest_route=\/wp\/v2\/pages\/4452\/revisions"}],"predecessor-version":[{"id":4542,"href":"https:\/\/www.vanbloem.be\/index.php?rest_route=\/wp\/v2\/pages\/4452\/revisions\/4542"}],"wp:attachment":[{"href":"https:\/\/www.vanbloem.be\/index.php?rest_route=%2Fwp%2Fv2%2Fmedia&parent=4452"}],"curies":[{"name":"wp","href":"https:\/\/api.w.org\/{rel}","templated":true}]}}